{"id":40,"date":"2025-10-13T05:06:29","date_gmt":"2025-10-13T05:06:29","guid":{"rendered":"https:\/\/uffizio-telematics.com\/?page_id=40"},"modified":"2026-05-13T10:03:34","modified_gmt":"2026-05-13T10:03:34","slug":"career","status":"publish","type":"page","link":"https:\/\/uffizio-telematics.com\/tr\/career\/","title":{"rendered":"Kariyer"},"content":{"rendered":"<div data-elementor-type=\"wp-page\" data-elementor-id=\"40\" class=\"elementor elementor-40\">\n\t\t\t\t<div class=\"elementor-element elementor-element-47cfc14 ucp-header uffizio-gradient-pattern-three e-flex e-con-boxed e-con e-parent\" data-id=\"47cfc14\" data-element_type=\"container\" data-e-type=\"container\">\n\t\t\t\t\t<div class=\"e-con-inner\">\n\t\t\t\t<div class=\"elementor-element elementor-element-6502441 elementor-widget elementor-widget-uffizio_title\" data-id=\"6502441\" data-element_type=\"widget\" data-e-type=\"widget\" data-widget_type=\"uffizio_title.default\">\n\t\t\t\t<div class=\"elementor-widget-container\">\n\t\t\t\t\t\n        <div class=\"uffizio-title-widget default\">\n            \n            <div class=\"uffizio-title-content\">\n                   \n                                \n                \n                    <h2 class=\"uffizio-title\">\n                        kariyer                    <\/h2>\n                    \n                \n                                    <p class=\"uffizio-subtitle\">\n                        Uffizio, bireylerin fikirlerini, bak\u0131\u015f a\u00e7\u0131lar\u0131n\u0131, g\u00f6r\u00fc\u015flerini ve y\u00f6ntemlerini payla\u015fmalar\u0131 ve harika bir \u00e7al\u0131\u015fan olarak geli\u015fmeleri i\u00e7in say\u0131s\u0131z f\u0131rsat ve olanak sunmaktad\u0131r. Mutlu bir \u00e7al\u0131\u015fan, en iyi temsilcinizdir. \u00c7al\u0131\u015fanlar\u0131 mutlu etmek, onlar\u0131 daha verimli hale getirmek kadar \u00f6nemlidir \u00e7\u00fcnk\u00fc \u00e7al\u0131\u015fan verimlili\u011fi, duygusal durumlar\u0131yla yak\u0131ndan ili\u015fkilidir. Uffizio, \u00e7al\u0131\u015fma ortam\u0131n\u0131 mutlu k\u0131lmak ve bireyin kendini bir personel \u00fcyesinden ziyade bir aile \u00fcyesi gibi hissetmesini sa\u011flamak i\u00e7in elinden gelenin en iyisini yapmaktad\u0131r.                    <\/p>\n                \n            <\/div>\n\n        <\/div>\n        \t\t\t\t<\/div>\n\t\t\t\t<\/div>\n\t\t\t\t\t<\/div>\n\t\t\t\t<\/div>\n\t\t<div class=\"elementor-element elementor-element-735df60 e-flex e-con-boxed e-con e-parent\" data-id=\"735df60\" data-element_type=\"container\" data-e-type=\"container\">\n\t\t\t\t\t<div class=\"e-con-inner\">\n\t\t\t\t\t\t\t<h2 \n\t\tdata-interaction-id=\"b9f7d5b\" \n\t\tclass=\"e-b9f7d5b-be90528 e-heading-base\" \n\t\t \n\t\t\n\t>\n\t\n\t\t\tMevcut A\u00e7\u0131k Pozisyonlar\n\t\t<\/h2>\n\t\t\t\t<div class=\"elementor-element elementor-element-66fe5ef elementor-widget elementor-widget-html\" data-id=\"66fe5ef\" data-element_type=\"widget\" data-e-type=\"widget\" data-widget_type=\"html.default\">\n\t\t\t\t\t<iframe loading=\"lazy\" src=\"https:\/\/uffizio.keka.com\/careers\/api\/embedjobs\/cb8c3c6b-bbc5-4b13-9818-a18f6f8cd523\" frameborder=\"0\" height=\"600\" width=\"100%\" scrolling=\"\"><\/iframe>\t\t\t\t<\/div>\n\t\t\t\t\t<\/div>\n\t\t\t\t<\/div>\n\t\t\t\t<\/div>","protected":false},"excerpt":{"rendered":"<p>career Uffizio provides uncountable opportunities and scope for the individuals to share their ideas, perspectives, opinions, methods on its ground to grow as a great employee. A happy employee is your best representative. Making employees happy is equally important as making an employee more productive because employees productivity is interrelated with their emotional state. Uffizio [&hellip;]<\/p>\n","protected":false},"author":1,"featured_media":0,"parent":0,"menu_order":0,"comment_status":"closed","ping_status":"closed","template":"","meta":{"_acf_changed":false,"footnotes":""},"class_list":["post-40","page","type-page","status-publish","hentry"],"acf":[],"yoast_head":"<!-- This site is optimized with the Yoast SEO Premium plugin v27.6 (Yoast SEO v27.6) - https:\/\/yoast.com\/product\/yoast-seo-premium-wordpress\/ -->\n<title>Career - Work at Uffizio<\/title>\n<meta name=\"description\" content=\"Uffizio provides uncountable opportunities and scope for each individual fresher or experienced to share their ideas, perspectives, opinions, &amp; methods\" \/>\n<meta name=\"robots\" content=\"index, follow, max-snippet:-1, max-image-preview:large, max-video-preview:-1\" \/>\n<link rel=\"canonical\" href=\"https:\/\/uffizio-telematics.com\/tr\/career\/\" \/>\n<meta property=\"og:locale\" content=\"tr_TR\" \/>\n<meta property=\"og:type\" content=\"article\" \/>\n<meta property=\"og:title\" content=\"Career\" \/>\n<meta property=\"og:description\" content=\"Uffizio provides uncountable opportunities and scope for each individual fresher or experienced to share their ideas, perspectives, opinions, &amp; methods\" \/>\n<meta property=\"og:url\" content=\"https:\/\/uffizio-telematics.com\/tr\/career\/\" \/>\n<meta property=\"og:site_name\" content=\"Uffizio Telematics\" \/>\n<meta property=\"article:modified_time\" content=\"2026-05-13T10:03:34+00:00\" \/>\n<meta name=\"twitter:card\" content=\"summary_large_image\" \/>\n<meta name=\"twitter:label1\" content=\"Est. reading time\" \/>\n\t<meta name=\"twitter:data1\" content=\"1 dakika\" \/>\n<script type=\"application\/ld+json\" class=\"yoast-schema-graph\">{\"@context\":\"https:\\\/\\\/schema.org\",\"@graph\":[{\"@type\":\"WebPage\",\"@id\":\"https:\\\/\\\/uffizio-telematics.com\\\/career\\\/\",\"url\":\"https:\\\/\\\/uffizio-telematics.com\\\/career\\\/\",\"name\":\"Career - Work at Uffizio\",\"isPartOf\":{\"@id\":\"https:\\\/\\\/uffizio-telematics.com\\\/#website\"},\"datePublished\":\"2025-10-13T05:06:29+00:00\",\"dateModified\":\"2026-05-13T10:03:34+00:00\",\"description\":\"Uffizio provides uncountable opportunities and scope for each individual fresher or experienced to share their ideas, perspectives, opinions, & methods\",\"breadcrumb\":{\"@id\":\"https:\\\/\\\/uffizio-telematics.com\\\/career\\\/#breadcrumb\"},\"inLanguage\":\"tr\",\"potentialAction\":[{\"@type\":\"ReadAction\",\"target\":[\"https:\\\/\\\/uffizio-telematics.com\\\/career\\\/\"]}]},{\"@type\":\"BreadcrumbList\",\"@id\":\"https:\\\/\\\/uffizio-telematics.com\\\/career\\\/#breadcrumb\",\"itemListElement\":[{\"@type\":\"ListItem\",\"position\":1,\"name\":\"Home\",\"item\":\"https:\\\/\\\/uffizio-telematics.com\\\/\"},{\"@type\":\"ListItem\",\"position\":2,\"name\":\"Career\"}]},{\"@type\":\"WebSite\",\"@id\":\"https:\\\/\\\/uffizio-telematics.com\\\/#website\",\"url\":\"https:\\\/\\\/uffizio-telematics.com\\\/\",\"name\":\"Uffizio Telematics\",\"description\":\"\",\"publisher\":{\"@id\":\"https:\\\/\\\/uffizio-telematics.com\\\/#organization\"},\"potentialAction\":[{\"@type\":\"SearchAction\",\"target\":{\"@type\":\"EntryPoint\",\"urlTemplate\":\"https:\\\/\\\/uffizio-telematics.com\\\/?s={search_term_string}\"},\"query-input\":{\"@type\":\"PropertyValueSpecification\",\"valueRequired\":true,\"valueName\":\"search_term_string\"}}],\"inLanguage\":\"tr\"},{\"@type\":\"Organization\",\"@id\":\"https:\\\/\\\/uffizio-telematics.com\\\/#organization\",\"name\":\"Uffizio Telematics\",\"url\":\"https:\\\/\\\/uffizio-telematics.com\\\/\",\"logo\":{\"@type\":\"ImageObject\",\"inLanguage\":\"tr\",\"@id\":\"https:\\\/\\\/uffizio-telematics.com\\\/#\\\/schema\\\/logo\\\/image\\\/\",\"url\":\"https:\\\/\\\/uffizio-telematics.com\\\/wp-content\\\/uploads\\\/sites\\\/2\\\/2025\\\/11\\\/telematics-logo.svg\",\"contentUrl\":\"https:\\\/\\\/uffizio-telematics.com\\\/wp-content\\\/uploads\\\/sites\\\/2\\\/2025\\\/11\\\/telematics-logo.svg\",\"caption\":\"Uffizio Telematics\"},\"image\":{\"@id\":\"https:\\\/\\\/uffizio-telematics.com\\\/#\\\/schema\\\/logo\\\/image\\\/\"}}]}<\/script>\n<!-- \/ Yoast SEO Premium plugin. -->","yoast_head_json":{"title":"Career - Work at Uffizio","description":"Uffizio provides uncountable opportunities and scope for each individual fresher or experienced to share their ideas, perspectives, opinions, & methods","robots":{"index":"index","follow":"follow","max-snippet":"max-snippet:-1","max-image-preview":"max-image-preview:large","max-video-preview":"max-video-preview:-1"},"canonical":"https:\/\/uffizio-telematics.com\/tr\/career\/","og_locale":"tr_TR","og_type":"article","og_title":"Career","og_description":"Uffizio provides uncountable opportunities and scope for each individual fresher or experienced to share their ideas, perspectives, opinions, & methods","og_url":"https:\/\/uffizio-telematics.com\/tr\/career\/","og_site_name":"Uffizio Telematics","article_modified_time":"2026-05-13T10:03:34+00:00","twitter_card":"summary_large_image","twitter_misc":{"Est. reading time":"1 dakika"},"schema":{"@context":"https:\/\/schema.org","@graph":[{"@type":"WebPage","@id":"https:\/\/uffizio-telematics.com\/career\/","url":"https:\/\/uffizio-telematics.com\/career\/","name":"Career - Work at Uffizio","isPartOf":{"@id":"https:\/\/uffizio-telematics.com\/#website"},"datePublished":"2025-10-13T05:06:29+00:00","dateModified":"2026-05-13T10:03:34+00:00","description":"Uffizio provides uncountable opportunities and scope for each individual fresher or experienced to share their ideas, perspectives, opinions, & methods","breadcrumb":{"@id":"https:\/\/uffizio-telematics.com\/career\/#breadcrumb"},"inLanguage":"tr","potentialAction":[{"@type":"ReadAction","target":["https:\/\/uffizio-telematics.com\/career\/"]}]},{"@type":"BreadcrumbList","@id":"https:\/\/uffizio-telematics.com\/career\/#breadcrumb","itemListElement":[{"@type":"ListItem","position":1,"name":"Home","item":"https:\/\/uffizio-telematics.com\/"},{"@type":"ListItem","position":2,"name":"Career"}]},{"@type":"WebSite","@id":"https:\/\/uffizio-telematics.com\/#website","url":"https:\/\/uffizio-telematics.com\/","name":"Telematik Ofisi","description":"","publisher":{"@id":"https:\/\/uffizio-telematics.com\/#organization"},"potentialAction":[{"@type":"SearchAction","target":{"@type":"EntryPoint","urlTemplate":"https:\/\/uffizio-telematics.com\/?s={search_term_string}"},"query-input":{"@type":"PropertyValueSpecification","valueRequired":true,"valueName":"search_term_string"}}],"inLanguage":"tr"},{"@type":"Organization","@id":"https:\/\/uffizio-telematics.com\/#organization","name":"Telematik Ofisi","url":"https:\/\/uffizio-telematics.com\/","logo":{"@type":"ImageObject","inLanguage":"tr","@id":"https:\/\/uffizio-telematics.com\/#\/schema\/logo\/image\/","url":"https:\/\/uffizio-telematics.com\/wp-content\/uploads\/sites\/2\/2025\/11\/telematics-logo.svg","contentUrl":"https:\/\/uffizio-telematics.com\/wp-content\/uploads\/sites\/2\/2025\/11\/telematics-logo.svg","caption":"Uffizio Telematics"},"image":{"@id":"https:\/\/uffizio-telematics.com\/#\/schema\/logo\/image\/"}}]}},"_links":{"self":[{"href":"https:\/\/uffizio-telematics.com\/tr\/wp-json\/wp\/v2\/pages\/40","targetHints":{"allow":["GET"]}}],"collection":[{"href":"https:\/\/uffizio-telematics.com\/tr\/wp-json\/wp\/v2\/pages"}],"about":[{"href":"https:\/\/uffizio-telematics.com\/tr\/wp-json\/wp\/v2\/types\/page"}],"author":[{"embeddable":true,"href":"https:\/\/uffizio-telematics.com\/tr\/wp-json\/wp\/v2\/users\/1"}],"replies":[{"embeddable":true,"href":"https:\/\/uffizio-telematics.com\/tr\/wp-json\/wp\/v2\/comments?post=40"}],"version-history":[{"count":1,"href":"https:\/\/uffizio-telematics.com\/tr\/wp-json\/wp\/v2\/pages\/40\/revisions"}],"predecessor-version":[{"id":68489,"href":"https:\/\/uffizio-telematics.com\/tr\/wp-json\/wp\/v2\/pages\/40\/revisions\/68489"}],"wp:attachment":[{"href":"https:\/\/uffizio-telematics.com\/tr\/wp-json\/wp\/v2\/media?parent=40"}],"curies":[{"name":"wp","href":"https:\/\/api.w.org\/{rel}","templated":true}]}}